{"id":26,"date":"2024-05-04T10:54:30","date_gmt":"2024-05-04T10:54:30","guid":{"rendered":"https:\/\/themexriver.com\/wp\/builta\/?page_id=26"},"modified":"2024-12-13T03:49:44","modified_gmt":"2024-12-13T03:49:44","slug":"our-projects","status":"publish","type":"page","link":"https:\/\/millennialsconstrucciones.com\/es\/our-projects\/","title":{"rendered":"Nuestros Proyectos"},"content":{"rendered":"<div data-elementor-type=\"wp-page\" data-elementor-id=\"26\" class=\"elementor elementor-26\">\n\t\t\t\t\t\t<section class=\"elementor-section elementor-top-section elementor-element elementor-element-2021292 elementor-section-boxed elementor-section-height-default elementor-section-height-default\" data-id=\"2021292\" data-element_type=\"section\">\n\t\t\t\t\t\t<div class=\"elementor-container elementor-column-gap-default\">\n\t\t\t\t\t<div class=\"elementor-column elementor-col-100 elementor-top-column elementor-element elementor-element-d01e028\" data-id=\"d01e028\" data-element_type=\"column\">\n\t\t\t<div class=\"elementor-widget-wrap elementor-element-populated\">\n\t\t\t\t\t\t<div class=\"elementor-element elementor-element-8fac500 elementor-widget elementor-widget-tx_heading elh-el tx_heading\" data-id=\"8fac500\" data-element_type=\"widget\" data-settings=\"{&quot;design_style&quot;:&quot;style_2&quot;}\" data-widget_type=\"tx_heading.default\">\n\t\t\t\t<div class=\"elementor-widget-container\">\n\t\t\t\t\t<div class=\"tx-section-wrapper tx-heading-section text-center\">\r\n\r\n        <h5 class=\"blta-subtitle-1 font-700 text-uppercase pr-font tx-subTitle\">\r\n                <span class=\"icon\">\r\n            <i aria-hidden=\"true\" class=\"fas fa-house-user\"><\/i>        <\/span>\r\n        \r\n        NUESTROS PROYECTOS    <\/h5>\r\n    \r\n    <h2 class=\"tx-title blta-section-title-1  blta-split-text split-in-left\">Explorar Nuestros Mejores Recientemente <br> Los Proyectos Terminados<\/h2>    \r\n<\/div>\t\t\t\t<\/div>\n\t\t\t\t<\/div>\n\t\t\t\t\t<\/div>\n\t\t<\/div>\n\t\t\t\t\t<\/div>\n\t\t<\/section>\n\t\t\t\t<section class=\"elementor-section elementor-top-section elementor-element elementor-element-2990a9c elementor-section-boxed elementor-section-height-default elementor-section-height-default\" data-id=\"2990a9c\" data-element_type=\"section\">\n\t\t\t\t\t\t<div class=\"elementor-container elementor-column-gap-custom\">\n\t\t\t\t\t<div class=\"elementor-column elementor-col-50 elementor-top-column elementor-element elementor-element-9937fc7\" data-id=\"9937fc7\" data-element_type=\"column\">\n\t\t\t<div class=\"elementor-widget-wrap elementor-element-populated\">\n\t\t\t\t\t\t<div class=\"elementor-element elementor-element-8765858 elementor-widget elementor-widget-tx_info_box elh-el tx_info_box\" data-id=\"8765858\" data-element_type=\"widget\" data-settings=\"{&quot;design_style&quot;:&quot;style_7&quot;}\" data-widget_type=\"tx_info_box.default\">\n\t\t\t\t<div class=\"elementor-widget-container\">\n\t\t\t\t\t<div class=\"project-page-1-wrap d-block\">\r\n    <div class=\"project-1-slite-item\">\r\n        <div class=\"buil-project-1-arrow\">\r\n            <a\r\n            href=\"https:\/\/millennialsconstrucciones.com\/es\/projects\/home-construction-design\/\"\r\n            target=\"_self\"\r\n            rel= \"\"\r\n            class=\"buil-project-1-arrow-link\">\r\n                                    <img decoding=\"async\" class=\"buil-project-1-arrow-img\" src=\"https:\/\/millennialsconstrucciones.com\/wp-content\/uploads\/2024\/05\/p-1-arrow.webp\" alt=\"p-1-arrow\" \/>\r\n                \r\n                <i aria-hidden=\"true\" class=\"fal fa-long-arrow-right\"><\/i>            <\/a>\r\n        <\/div>\r\n\r\n                <img decoding=\"async\" class=\"buil-project-1-slide-img\" src=\"https:\/\/millennialsconstrucciones.com\/wp-content\/uploads\/2024\/05\/p-1-slide-1.webp\" alt=\"p-1-slide-1\" \/>\r\n        \r\n        <div>\r\n                        <h2 class=\"buil-project-1-slide-number\" data-swiper-parallax=\"-100\">01<\/h2>\r\n            \r\n                        <h2 class=\"buil-project-1-slide-title\" data-swiper-parallax=\"-200\">\r\n                La construcci\u00f3n de oficinas en Nueva York            <\/h2>\r\n            \r\n                        <div\r\n            class=\"text\"\r\n            data-swiper-parallax=\"-300\"\r\n            data-swiper-parallax-duration=\"600\"\r\n            >\r\n                <p class=\"buil-project-1-slide-para\">\r\n                    En la construcci\u00f3n residencial, que hacemos la casa de sus sue\u00f1os con una meticulosa atenci\u00f3n al detalle y dise\u00f1o personalizado, convirtiendo las visiones en realidad.                <\/p>\r\n            <\/div>\r\n                    <\/div>\r\n    <\/div>\r\n<\/div>\t\t\t\t<\/div>\n\t\t\t\t<\/div>\n\t\t\t\t\t<\/div>\n\t\t<\/div>\n\t\t\t\t<div class=\"elementor-column elementor-col-50 elementor-top-column elementor-element elementor-element-40de4f5\" data-id=\"40de4f5\" data-element_type=\"column\">\n\t\t\t<div class=\"elementor-widget-wrap elementor-element-populated\">\n\t\t\t\t\t\t<div class=\"elementor-element elementor-element-9556695 elementor-widget elementor-widget-tx_info_box elh-el tx_info_box\" data-id=\"9556695\" data-element_type=\"widget\" data-settings=\"{&quot;design_style&quot;:&quot;style_7&quot;}\" data-widget_type=\"tx_info_box.default\">\n\t\t\t\t<div class=\"elementor-widget-container\">\n\t\t\t\t\t<div class=\"project-page-1-wrap d-block\">\r\n    <div class=\"project-1-slite-item\">\r\n        <div class=\"buil-project-1-arrow\">\r\n            <a\r\n            href=\"https:\/\/millennialsconstrucciones.com\/es\/projects\/home-construction-design\/\"\r\n            target=\"_self\"\r\n            rel= \"\"\r\n            class=\"buil-project-1-arrow-link\">\r\n                                    <img decoding=\"async\" class=\"buil-project-1-arrow-img\" src=\"https:\/\/millennialsconstrucciones.com\/wp-content\/uploads\/2024\/05\/p-1-arrow.webp\" alt=\"p-1-arrow\" \/>\r\n                \r\n                <i aria-hidden=\"true\" class=\"fal fa-long-arrow-right\"><\/i>            <\/a>\r\n        <\/div>\r\n\r\n                <img decoding=\"async\" class=\"buil-project-1-slide-img\" src=\"https:\/\/millennialsconstrucciones.com\/wp-content\/uploads\/2024\/05\/p-1-slide-2.webp\" alt=\"p-1-slide-2\" \/>\r\n        \r\n        <div>\r\n                        <h2 class=\"buil-project-1-slide-number\" data-swiper-parallax=\"-100\">02<\/h2>\r\n            \r\n                        <h2 class=\"buil-project-1-slide-title\" data-swiper-parallax=\"-200\">\r\n                La construcci\u00f3n de oficinas en Nueva York            <\/h2>\r\n            \r\n                        <div\r\n            class=\"text\"\r\n            data-swiper-parallax=\"-300\"\r\n            data-swiper-parallax-duration=\"600\"\r\n            >\r\n                <p class=\"buil-project-1-slide-para\">\r\n                    En la construcci\u00f3n residencial, que hacemos la casa de sus sue\u00f1os con una meticulosa atenci\u00f3n al detalle y dise\u00f1o personalizado, convirtiendo las visiones en realidad.                <\/p>\r\n            <\/div>\r\n                    <\/div>\r\n    <\/div>\r\n<\/div>\t\t\t\t<\/div>\n\t\t\t\t<\/div>\n\t\t\t\t\t<\/div>\n\t\t<\/div>\n\t\t\t\t\t<\/div>\n\t\t<\/section>\n\t\t\t\t<section class=\"elementor-section elementor-top-section elementor-element elementor-element-cc3335e elementor-section-boxed elementor-section-height-default elementor-section-height-default\" data-id=\"cc3335e\" data-element_type=\"section\">\n\t\t\t\t\t\t<div class=\"elementor-container elementor-column-gap-custom\">\n\t\t\t\t\t<div class=\"elementor-column elementor-col-50 elementor-top-column elementor-element elementor-element-f7bf601\" data-id=\"f7bf601\" data-element_type=\"column\">\n\t\t\t<div class=\"elementor-widget-wrap elementor-element-populated\">\n\t\t\t\t\t\t<div class=\"elementor-element elementor-element-0002e0f elementor-widget elementor-widget-tx_info_box elh-el tx_info_box\" data-id=\"0002e0f\" data-element_type=\"widget\" data-settings=\"{&quot;design_style&quot;:&quot;style_7&quot;}\" data-widget_type=\"tx_info_box.default\">\n\t\t\t\t<div class=\"elementor-widget-container\">\n\t\t\t\t\t<div class=\"project-page-1-wrap d-block\">\r\n    <div class=\"project-1-slite-item\">\r\n        <div class=\"buil-project-1-arrow\">\r\n            <a\r\n            href=\"https:\/\/millennialsconstrucciones.com\/es\/projects\/home-construction-design\/\"\r\n            target=\"_self\"\r\n            rel= \"\"\r\n            class=\"buil-project-1-arrow-link\">\r\n                                    <img decoding=\"async\" class=\"buil-project-1-arrow-img\" src=\"https:\/\/millennialsconstrucciones.com\/wp-content\/uploads\/2024\/05\/p-1-arrow.webp\" alt=\"p-1-arrow\" \/>\r\n                \r\n                <i aria-hidden=\"true\" class=\"fal fa-long-arrow-right\"><\/i>            <\/a>\r\n        <\/div>\r\n\r\n                <img decoding=\"async\" class=\"buil-project-1-slide-img\" src=\"https:\/\/millennialsconstrucciones.com\/wp-content\/uploads\/2024\/05\/p-1-slide-3.webp\" alt=\"p-1-slide-3\" \/>\r\n        \r\n        <div>\r\n                        <h2 class=\"buil-project-1-slide-number\" data-swiper-parallax=\"-100\">03<\/h2>\r\n            \r\n                        <h2 class=\"buil-project-1-slide-title\" data-swiper-parallax=\"-200\">\r\n                La construcci\u00f3n de oficinas en Nueva York            <\/h2>\r\n            \r\n                        <div\r\n            class=\"text\"\r\n            data-swiper-parallax=\"-300\"\r\n            data-swiper-parallax-duration=\"600\"\r\n            >\r\n                <p class=\"buil-project-1-slide-para\">\r\n                    En la construcci\u00f3n residencial, que hacemos la casa de sus sue\u00f1os con una meticulosa atenci\u00f3n al detalle y dise\u00f1o personalizado, convirtiendo las visiones en realidad.                <\/p>\r\n            <\/div>\r\n                    <\/div>\r\n    <\/div>\r\n<\/div>\t\t\t\t<\/div>\n\t\t\t\t<\/div>\n\t\t\t\t\t<\/div>\n\t\t<\/div>\n\t\t\t\t<div class=\"elementor-column elementor-col-50 elementor-top-column elementor-element elementor-element-f441fc0\" data-id=\"f441fc0\" data-element_type=\"column\">\n\t\t\t<div class=\"elementor-widget-wrap elementor-element-populated\">\n\t\t\t\t\t\t<div class=\"elementor-element elementor-element-02d01de elementor-widget elementor-widget-tx_info_box elh-el tx_info_box\" data-id=\"02d01de\" data-element_type=\"widget\" data-settings=\"{&quot;design_style&quot;:&quot;style_7&quot;}\" data-widget_type=\"tx_info_box.default\">\n\t\t\t\t<div class=\"elementor-widget-container\">\n\t\t\t\t\t<div class=\"project-page-1-wrap d-block\">\r\n    <div class=\"project-1-slite-item\">\r\n        <div class=\"buil-project-1-arrow\">\r\n            <a\r\n            href=\"https:\/\/millennialsconstrucciones.com\/es\/projects\/home-construction-design\/\"\r\n            target=\"_self\"\r\n            rel= \"\"\r\n            class=\"buil-project-1-arrow-link\">\r\n                                    <img decoding=\"async\" class=\"buil-project-1-arrow-img\" src=\"https:\/\/millennialsconstrucciones.com\/wp-content\/uploads\/2024\/05\/p-1-arrow.webp\" alt=\"p-1-arrow\" \/>\r\n                \r\n                <i aria-hidden=\"true\" class=\"fal fa-long-arrow-right\"><\/i>            <\/a>\r\n        <\/div>\r\n\r\n                <img decoding=\"async\" class=\"buil-project-1-slide-img\" src=\"https:\/\/millennialsconstrucciones.com\/wp-content\/uploads\/2024\/05\/p-1-slide-4.webp\" alt=\"Our Projects\" \/>\r\n        \r\n        <div>\r\n                        <h2 class=\"buil-project-1-slide-number\" data-swiper-parallax=\"-100\">04<\/h2>\r\n            \r\n                        <h2 class=\"buil-project-1-slide-title\" data-swiper-parallax=\"-200\">\r\n                La construcci\u00f3n de oficinas en Nueva York            <\/h2>\r\n            \r\n                        <div\r\n            class=\"text\"\r\n            data-swiper-parallax=\"-300\"\r\n            data-swiper-parallax-duration=\"600\"\r\n            >\r\n                <p class=\"buil-project-1-slide-para\">\r\n                    En la construcci\u00f3n residencial, que hacemos la casa de sus sue\u00f1os con una meticulosa atenci\u00f3n al detalle y dise\u00f1o personalizado, convirtiendo las visiones en realidad.                <\/p>\r\n            <\/div>\r\n                    <\/div>\r\n    <\/div>\r\n<\/div>\t\t\t\t<\/div>\n\t\t\t\t<\/div>\n\t\t\t\t\t<\/div>\n\t\t<\/div>\n\t\t\t\t\t<\/div>\n\t\t<\/section>\n\t\t\t\t<section class=\"elementor-section elementor-top-section elementor-element elementor-element-a245f92 elementor-section-boxed elementor-section-height-default elementor-section-height-default\" data-id=\"a245f92\" data-element_type=\"section\">\n\t\t\t\t\t\t<div class=\"elementor-container elementor-column-gap-custom\">\n\t\t\t\t\t<div class=\"elementor-column elementor-col-50 elementor-top-column elementor-element elementor-element-cec0f0b\" data-id=\"cec0f0b\" data-element_type=\"column\">\n\t\t\t<div class=\"elementor-widget-wrap elementor-element-populated\">\n\t\t\t\t\t\t<div class=\"elementor-element elementor-element-2e92268 elementor-widget elementor-widget-tx_info_box elh-el tx_info_box\" data-id=\"2e92268\" data-element_type=\"widget\" data-settings=\"{&quot;design_style&quot;:&quot;style_7&quot;}\" data-widget_type=\"tx_info_box.default\">\n\t\t\t\t<div class=\"elementor-widget-container\">\n\t\t\t\t\t<div class=\"project-page-1-wrap d-block\">\r\n    <div class=\"project-1-slite-item\">\r\n        <div class=\"buil-project-1-arrow\">\r\n            <a\r\n            href=\"https:\/\/millennialsconstrucciones.com\/es\/projects\/home-construction-design\/\"\r\n            target=\"_self\"\r\n            rel= \"\"\r\n            class=\"buil-project-1-arrow-link\">\r\n                                    <img decoding=\"async\" class=\"buil-project-1-arrow-img\" src=\"https:\/\/millennialsconstrucciones.com\/wp-content\/uploads\/2024\/05\/p-1-arrow.webp\" alt=\"p-1-arrow\" \/>\r\n                \r\n                <i aria-hidden=\"true\" class=\"fal fa-long-arrow-right\"><\/i>            <\/a>\r\n        <\/div>\r\n\r\n                <img decoding=\"async\" class=\"buil-project-1-slide-img\" src=\"https:\/\/millennialsconstrucciones.com\/wp-content\/uploads\/2024\/05\/p1-img-5.webp\" alt=\"p1-img-5\" \/>\r\n        \r\n        <div>\r\n                        <h2 class=\"buil-project-1-slide-number\" data-swiper-parallax=\"-100\">05<\/h2>\r\n            \r\n                        <h2 class=\"buil-project-1-slide-title\" data-swiper-parallax=\"-200\">\r\n                La construcci\u00f3n de oficinas en Nueva York            <\/h2>\r\n            \r\n                        <div\r\n            class=\"text\"\r\n            data-swiper-parallax=\"-300\"\r\n            data-swiper-parallax-duration=\"600\"\r\n            >\r\n                <p class=\"buil-project-1-slide-para\">\r\n                    En la construcci\u00f3n residencial, que hacemos la casa de sus sue\u00f1os con una meticulosa atenci\u00f3n al detalle y dise\u00f1o personalizado, convirtiendo las visiones en realidad.                <\/p>\r\n            <\/div>\r\n                    <\/div>\r\n    <\/div>\r\n<\/div>\t\t\t\t<\/div>\n\t\t\t\t<\/div>\n\t\t\t\t\t<\/div>\n\t\t<\/div>\n\t\t\t\t<div class=\"elementor-column elementor-col-50 elementor-top-column elementor-element elementor-element-44aab14\" data-id=\"44aab14\" data-element_type=\"column\">\n\t\t\t<div class=\"elementor-widget-wrap elementor-element-populated\">\n\t\t\t\t\t\t<div class=\"elementor-element elementor-element-162b8af elementor-widget elementor-widget-tx_info_box elh-el tx_info_box\" data-id=\"162b8af\" data-element_type=\"widget\" data-settings=\"{&quot;design_style&quot;:&quot;style_7&quot;}\" data-widget_type=\"tx_info_box.default\">\n\t\t\t\t<div class=\"elementor-widget-container\">\n\t\t\t\t\t<div class=\"project-page-1-wrap d-block\">\r\n    <div class=\"project-1-slite-item\">\r\n        <div class=\"buil-project-1-arrow\">\r\n            <a\r\n            href=\"https:\/\/millennialsconstrucciones.com\/es\/projects\/home-construction-design\/\"\r\n            target=\"_self\"\r\n            rel= \"\"\r\n            class=\"buil-project-1-arrow-link\">\r\n                                    <img decoding=\"async\" class=\"buil-project-1-arrow-img\" src=\"https:\/\/millennialsconstrucciones.com\/wp-content\/uploads\/2024\/05\/p-1-arrow.webp\" alt=\"p-1-arrow\" \/>\r\n                \r\n                <i aria-hidden=\"true\" class=\"fal fa-long-arrow-right\"><\/i>            <\/a>\r\n        <\/div>\r\n\r\n                <img decoding=\"async\" class=\"buil-project-1-slide-img\" src=\"https:\/\/millennialsconstrucciones.com\/wp-content\/uploads\/2024\/05\/p1-img-6.webp\" alt=\"p1-img-6\" \/>\r\n        \r\n        <div>\r\n                        <h2 class=\"buil-project-1-slide-number\" data-swiper-parallax=\"-100\">06<\/h2>\r\n            \r\n                        <h2 class=\"buil-project-1-slide-title\" data-swiper-parallax=\"-200\">\r\n                La construcci\u00f3n de oficinas en Nueva York            <\/h2>\r\n            \r\n                        <div\r\n            class=\"text\"\r\n            data-swiper-parallax=\"-300\"\r\n            data-swiper-parallax-duration=\"600\"\r\n            >\r\n                <p class=\"buil-project-1-slide-para\">\r\n                    En la construcci\u00f3n residencial, que hacemos la casa de sus sue\u00f1os con una meticulosa atenci\u00f3n al detalle y dise\u00f1o personalizado, convirtiendo las visiones en realidad.                <\/p>\r\n            <\/div>\r\n                    <\/div>\r\n    <\/div>\r\n<\/div>\t\t\t\t<\/div>\n\t\t\t\t<\/div>\n\t\t\t\t\t<\/div>\n\t\t<\/div>\n\t\t\t\t\t<\/div>\n\t\t<\/section>\n\t\t\t\t<section class=\"elementor-section elementor-top-section elementor-element elementor-element-e73e76a elementor-section-content-middle elementor-section-boxed elementor-section-height-default elementor-section-height-default\" data-id=\"e73e76a\" data-element_type=\"section\">\n\t\t\t\t\t\t<div class=\"elementor-container elementor-column-gap-default\">\n\t\t\t\t\t<div class=\"elementor-column elementor-col-50 elementor-top-column elementor-element elementor-element-ecbb41d\" data-id=\"ecbb41d\" data-element_type=\"column\">\n\t\t\t<div class=\"elementor-widget-wrap elementor-element-populated\">\n\t\t\t\t\t\t<div class=\"elementor-element elementor-element-8fd7770 elementor-widget elementor-widget-tx_heading elh-el tx_heading\" data-id=\"8fd7770\" data-element_type=\"widget\" data-settings=\"{&quot;design_style&quot;:&quot;style_2&quot;}\" data-widget_type=\"tx_heading.default\">\n\t\t\t\t<div class=\"elementor-widget-container\">\n\t\t\t\t\t<div class=\"tx-section-wrapper tx-heading-section text-left\">\r\n\r\n        <h5 class=\"blta-subtitle-1 font-700 text-uppercase pr-font tx-subTitle\">\r\n                <span class=\"icon\">\r\n            <i aria-hidden=\"true\" class=\"fas fa-house-user\"><\/i>        <\/span>\r\n        \r\n        NUESTRO CLIENTE    <\/h5>\r\n    \r\n    <h2 class=\"tx-title blta-section-title-1  blta-split-text split-in-left\">Hemos 1500+\nGlobal <br>Premium\nLos clientes<\/h2>        <p class=\"blta-para-1 a1-disc tx-description\">\r\n        Un moderno, tecnolog\u00eda, bienestar centrado <br> \u00e1rea de trabajo y de la oficina sostenible de la torre,    <\/p>\r\n    \r\n<\/div>\t\t\t\t<\/div>\n\t\t\t\t<\/div>\n\t\t\t\t\t<\/div>\n\t\t<\/div>\n\t\t\t\t<div class=\"elementor-column elementor-col-50 elementor-top-column elementor-element elementor-element-1757e2e\" data-id=\"1757e2e\" data-element_type=\"column\">\n\t\t\t<div class=\"elementor-widget-wrap elementor-element-populated\">\n\t\t\t\t\t\t<div class=\"elementor-element elementor-element-db7f6c8 elementor-widget elementor-widget-tx_brand elh-el tx_brand\" data-id=\"db7f6c8\" data-element_type=\"widget\" data-settings=\"{&quot;design_style&quot;:&quot;style_1&quot;}\" data-widget_type=\"tx_brand.default\">\n\t\t\t\t<div class=\"elementor-widget-container\">\n\t\t\t\t\t<div class=\"blta-client-1-logo-grid wow none\">\r\n        <a href=\"https:\/\/millennialsconstrucciones.com\/wp-content\/uploads\/2024\/05\/client-1.svg\" aria-label=\"nombre\" class=\"blta-client-1-logo\">\r\n        <img decoding=\"async\" src=\"https:\/\/millennialsconstrucciones.com\/wp-content\/uploads\/2024\/05\/client-1.svg\" alt=\"\">\r\n    <\/a>\r\n        <a href=\"https:\/\/millennialsconstrucciones.com\/wp-content\/uploads\/2024\/05\/client-2.svg\" aria-label=\"nombre\" class=\"blta-client-1-logo\">\r\n        <img decoding=\"async\" src=\"https:\/\/millennialsconstrucciones.com\/wp-content\/uploads\/2024\/05\/client-2.svg\" alt=\"\">\r\n    <\/a>\r\n        <a href=\"https:\/\/millennialsconstrucciones.com\/wp-content\/uploads\/2024\/05\/client-3.svg\" aria-label=\"nombre\" class=\"blta-client-1-logo\">\r\n        <img decoding=\"async\" src=\"https:\/\/millennialsconstrucciones.com\/wp-content\/uploads\/2024\/05\/client-3.svg\" alt=\"\">\r\n    <\/a>\r\n        <a href=\"https:\/\/millennialsconstrucciones.com\/wp-content\/uploads\/2024\/05\/client-4.svg\" aria-label=\"nombre\" class=\"blta-client-1-logo\">\r\n        <img decoding=\"async\" src=\"https:\/\/millennialsconstrucciones.com\/wp-content\/uploads\/2024\/05\/client-4.svg\" alt=\"\">\r\n    <\/a>\r\n        <a href=\"https:\/\/millennialsconstrucciones.com\/wp-content\/uploads\/2024\/05\/client-5.svg\" aria-label=\"nombre\" class=\"blta-client-1-logo\">\r\n        <img decoding=\"async\" src=\"https:\/\/millennialsconstrucciones.com\/wp-content\/uploads\/2024\/05\/client-5.svg\" alt=\"\">\r\n    <\/a>\r\n        <a href=\"https:\/\/millennialsconstrucciones.com\/wp-content\/uploads\/2024\/05\/client-6.svg\" aria-label=\"nombre\" class=\"blta-client-1-logo\">\r\n        <img decoding=\"async\" src=\"https:\/\/millennialsconstrucciones.com\/wp-content\/uploads\/2024\/05\/client-6.svg\" alt=\"\">\r\n    <\/a>\r\n    <\/div>\t\t\t\t<\/div>\n\t\t\t\t<\/div>\n\t\t\t\t\t<\/div>\n\t\t<\/div>\n\t\t\t\t\t<\/div>\n\t\t<\/section>\n\t\t\t\t<\/div>","protected":false},"excerpt":{"rendered":"<p>OUR PROJECTS Explore Our Best Recently Completed Projects 01 Office construction in New Yorks In residential construction, we craft dream homes with meticulous attention to detail and personalized design, turning visions into reality. 02 Office construction in New Yorks In residential construction, we craft dream homes with meticulous attention to detail and personalized design, turning [&hellip;]<\/p>","protected":false},"author":1,"featured_media":0,"parent":0,"menu_order":0,"comment_status":"closed","ping_status":"closed","template":"elementor_header_footer","meta":{"inline_featured_image":false,"footnotes":""},"class_list":["post-26","page","type-page","status-publish","hentry"],"_links":{"self":[{"href":"https:\/\/millennialsconstrucciones.com\/es\/wp-json\/wp\/v2\/pages\/26","targetHints":{"allow":["GET"]}}],"collection":[{"href":"https:\/\/millennialsconstrucciones.com\/es\/wp-json\/wp\/v2\/pages"}],"about":[{"href":"https:\/\/millennialsconstrucciones.com\/es\/wp-json\/wp\/v2\/types\/page"}],"author":[{"embeddable":true,"href":"https:\/\/millennialsconstrucciones.com\/es\/wp-json\/wp\/v2\/users\/1"}],"replies":[{"embeddable":true,"href":"https:\/\/millennialsconstrucciones.com\/es\/wp-json\/wp\/v2\/comments?post=26"}],"version-history":[{"count":1,"href":"https:\/\/millennialsconstrucciones.com\/es\/wp-json\/wp\/v2\/pages\/26\/revisions"}],"predecessor-version":[{"id":3513,"href":"https:\/\/millennialsconstrucciones.com\/es\/wp-json\/wp\/v2\/pages\/26\/revisions\/3513"}],"wp:attachment":[{"href":"https:\/\/millennialsconstrucciones.com\/es\/wp-json\/wp\/v2\/media?parent=26"}],"curies":[{"name":"wp","href":"https:\/\/api.w.org\/{rel}","templated":true}]}}