{"id":40,"date":"2024-05-04T10:57:04","date_gmt":"2024-05-04T10:57:04","guid":{"rendered":"https:\/\/themexriver.com\/wp\/builta\/?page_id=40"},"modified":"2024-12-13T03:49:44","modified_gmt":"2024-12-13T03:49:44","slug":"prices","status":"publish","type":"page","link":"https:\/\/millennialsconstrucciones.com\/es\/prices\/","title":{"rendered":"Los precios"},"content":{"rendered":"<div data-elementor-type=\"wp-page\" data-elementor-id=\"40\" class=\"elementor elementor-40\">\n\t\t\t\t\t\t<section class=\"elementor-section elementor-top-section elementor-element elementor-element-0b9406e elementor-section-full_width elementor-section-height-default elementor-section-height-default\" data-id=\"0b9406e\" data-element_type=\"section\">\n\t\t\t\t\t\t<div class=\"elementor-container elementor-column-gap-default\">\n\t\t\t\t\t<div class=\"elementor-column elementor-col-100 elementor-top-column elementor-element elementor-element-c66eac1\" data-id=\"c66eac1\" data-element_type=\"column\">\n\t\t\t<div class=\"elementor-widget-wrap elementor-element-populated\">\n\t\t\t\t\t\t<section class=\"elementor-section elementor-inner-section elementor-element elementor-element-67f1cb5 elementor-section-boxed elementor-section-height-default elementor-section-height-default\" data-id=\"67f1cb5\" data-element_type=\"section\">\n\t\t\t\t\t\t<div class=\"elementor-container elementor-column-gap-default\">\n\t\t\t\t\t<div class=\"elementor-column elementor-col-100 elementor-inner-column elementor-element elementor-element-d2ac76e\" data-id=\"d2ac76e\" data-element_type=\"column\">\n\t\t\t<div class=\"elementor-widget-wrap elementor-element-populated\">\n\t\t\t\t\t\t<div class=\"elementor-element elementor-element-406ce5e elementor-widget elementor-widget-tx_heading elh-el tx_heading\" data-id=\"406ce5e\" data-element_type=\"widget\" data-settings=\"{&quot;design_style&quot;:&quot;style_1&quot;}\" data-widget_type=\"tx_heading.default\">\n\t\t\t\t<div class=\"elementor-widget-container\">\n\t\t\t\t\t<div class=\"blta-project-1-section-title tx-heading-section text-center\">\r\n        <div class=\"icon mb-25 blta-scale-plus\">\r\n        <i aria-hidden=\"true\" class=\"fas fa-house-user\"><\/i>    <\/div>\r\n    \r\n    \r\n    <h2 class=\"tx-title blta-section-title-1  blta-split-text split-in-left\">Construcci\u00f3n De Siempre\nCalidad<br> Los Servicios De Contratistas<\/h2>        <p class=\"blta-para-1 a1-disc tx-description\">\r\n        Hemos de afrontar con \u00e9xito las tareas de diversa complejidad, proporcionar garant\u00edas de largo plazo y regularmente dominar las nuevas tecnolog\u00edas. Nuestro portafolio incluye Builter de proyectos completados con \u00e9xito.    <\/p>\r\n    \r\n<\/div>\t\t\t\t<\/div>\n\t\t\t\t<\/div>\n\t\t\t\t\t<\/div>\n\t\t<\/div>\n\t\t\t\t\t<\/div>\n\t\t<\/section>\n\t\t\t\t<section class=\"elementor-section elementor-inner-section elementor-element elementor-element-a5a39a6 elementor-section-boxed elementor-section-height-default elementor-section-height-default\" data-id=\"a5a39a6\" data-element_type=\"section\">\n\t\t\t\t\t\t<div class=\"elementor-container elementor-column-gap-default\">\n\t\t\t\t\t<div class=\"elementor-column elementor-col-33 elementor-inner-column elementor-element elementor-element-c721ee4\" data-id=\"c721ee4\" data-element_type=\"column\">\n\t\t\t<div class=\"elementor-widget-wrap elementor-element-populated\">\n\t\t\t\t\t\t<div class=\"elementor-element elementor-element-db84cd7 elementor-widget elementor-widget-tx_info_box elh-el tx_info_box\" data-id=\"db84cd7\" data-element_type=\"widget\" data-settings=\"{&quot;design_style&quot;:&quot;style_5&quot;}\" data-widget_type=\"tx_info_box.default\">\n\t\t\t\t<div class=\"elementor-widget-container\">\n\t\t\t\t\t<div class=\"buil-constractor-3-card wow fadeInUp\">\r\n        <img decoding=\"async\" src=\"https:\/\/millennialsconstrucciones.com\/wp-content\/uploads\/2024\/05\/c3-img1.webp\" alt=\"c3-img1\" \/>\r\n    \r\n    <div class=\"buil-contractor-3-card-cont\">\r\n                                    <i aria-hidden=\"true\" class=\"flaticon flaticon_2-house\"><\/i>                    \r\n                <h5 class=\"buil-heading\">\r\n            <a\r\n            href=\"https:\/\/millennialsconstrucciones.com\/es\/services\/general-contracting\/\"\r\n            target=\"_self\"\r\n            rel=\"\"\r\n            aria-label=\"nombre\">\r\n                La Renovaci\u00f3n Del Edificio            <\/a>\r\n        <\/h5>\r\n            <\/div>\r\n<\/div>\t\t\t\t<\/div>\n\t\t\t\t<\/div>\n\t\t\t\t\t<\/div>\n\t\t<\/div>\n\t\t\t\t<div class=\"elementor-column elementor-col-33 elementor-inner-column elementor-element elementor-element-858a0b3\" data-id=\"858a0b3\" data-element_type=\"column\">\n\t\t\t<div class=\"elementor-widget-wrap elementor-element-populated\">\n\t\t\t\t\t\t<div class=\"elementor-element elementor-element-b2a6dfd elementor-widget elementor-widget-tx_info_box elh-el tx_info_box\" data-id=\"b2a6dfd\" data-element_type=\"widget\" data-settings=\"{&quot;design_style&quot;:&quot;style_5&quot;}\" data-widget_type=\"tx_info_box.default\">\n\t\t\t\t<div class=\"elementor-widget-container\">\n\t\t\t\t\t<div class=\"buil-constractor-3-card wow fadeInUp\">\r\n        <img decoding=\"async\" src=\"https:\/\/millennialsconstrucciones.com\/wp-content\/uploads\/2024\/05\/c3-img2-1.webp\" alt=\"c3-img2\" \/>\r\n    \r\n    <div class=\"buil-contractor-3-card-cont\">\r\n                                    <i aria-hidden=\"true\" class=\"flaticon flaticon_2-supervision\"><\/i>                    \r\n                <h5 class=\"buil-heading\">\r\n            <a\r\n            href=\"https:\/\/millennialsconstrucciones.com\/es\/services\/general-contracting\/\"\r\n            target=\"_self\"\r\n            rel=\"\"\r\n            aria-label=\"nombre\">\r\n                Generales De La Contrataci\u00f3n            <\/a>\r\n        <\/h5>\r\n            <\/div>\r\n<\/div>\t\t\t\t<\/div>\n\t\t\t\t<\/div>\n\t\t\t\t\t<\/div>\n\t\t<\/div>\n\t\t\t\t<div class=\"elementor-column elementor-col-33 elementor-inner-column elementor-element elementor-element-3528100\" data-id=\"3528100\" data-element_type=\"column\">\n\t\t\t<div class=\"elementor-widget-wrap elementor-element-populated\">\n\t\t\t\t\t\t<div class=\"elementor-element elementor-element-93b1222 elementor-widget elementor-widget-tx_info_box elh-el tx_info_box\" data-id=\"93b1222\" data-element_type=\"widget\" data-settings=\"{&quot;design_style&quot;:&quot;style_5&quot;}\" data-widget_type=\"tx_info_box.default\">\n\t\t\t\t<div class=\"elementor-widget-container\">\n\t\t\t\t\t<div class=\"buil-constractor-3-card wow fadeInUp\">\r\n        <img decoding=\"async\" src=\"https:\/\/millennialsconstrucciones.com\/wp-content\/uploads\/2024\/05\/c3-img3-1.webp\" alt=\"c3-img3\" \/>\r\n    \r\n    <div class=\"buil-contractor-3-card-cont\">\r\n                                    <i aria-hidden=\"true\" class=\"flaticon flaticon_2-engineer\"><\/i>                    \r\n                <h5 class=\"buil-heading\">\r\n            <a\r\n            href=\"https:\/\/millennialsconstrucciones.com\/es\/services\/general-contracting\/\"\r\n            target=\"_self\"\r\n            rel=\"\"\r\n            aria-label=\"nombre\">\r\n                Building Construction            <\/a>\r\n        <\/h5>\r\n            <\/div>\r\n<\/div>\t\t\t\t<\/div>\n\t\t\t\t<\/div>\n\t\t\t\t\t<\/div>\n\t\t<\/div>\n\t\t\t\t\t<\/div>\n\t\t<\/section>\n\t\t\t\t\t<\/div>\n\t\t<\/div>\n\t\t\t\t\t<\/div>\n\t\t<\/section>\n\t\t\t\t<section class=\"elementor-section elementor-top-section elementor-element elementor-element-288ce95 elementor-section-full_width elementor-section-height-default elementor-section-height-default\" data-id=\"288ce95\" data-element_type=\"section\">\n\t\t\t\t\t\t<div class=\"elementor-container elementor-column-gap-default\">\n\t\t\t\t\t<div class=\"elementor-column elementor-col-100 elementor-top-column elementor-element elementor-element-35477c1\" data-id=\"35477c1\" data-element_type=\"column\">\n\t\t\t<div class=\"elementor-widget-wrap elementor-element-populated\">\n\t\t\t\t\t\t<div class=\"elementor-element elementor-element-77709ed elementor-widget elementor-widget-tx_pricing_section elh-el tx_pricing_section\" data-id=\"77709ed\" data-element_type=\"widget\" data-settings=\"{&quot;design_style&quot;:&quot;style_1&quot;}\" data-widget_type=\"tx_pricing_section.default\">\n\t\t\t\t<div class=\"elementor-widget-container\">\n\t\t\t\t\t<div class=\"blta-price-2-area pt-115 tx-section\">\r\n        <div class=\"blta-price-2-bg img-cover image-pllx fix\">\r\n        <img decoding=\"async\" src=\"https:\/\/millennialsconstrucciones.com\/wp-content\/uploads\/2024\/05\/price-2-bg-1.webp\"\r\n        alt=\"price-2-bg-1\">\r\n    <\/div>\r\n    \r\n    <div class=\"container blta-container-1\">\r\n\r\n        <!-- section-title -->\r\n        <div class=\"blta-services-2-section-title text-center\">\r\n\r\n                        <div class=\"icon blta-scale-plus mb-25\">\r\n                <i aria-hidden=\"true\" class=\"fas fa-house-user\"><\/i>            <\/div>\r\n            \r\n                        <h5 class=\"blta-subtitle-1 font-700 text-uppercase pr-font tx-subTitle\">\r\n                WELCOME TO OUR COMPANY            <\/h5>\r\n            \r\n            <h2 class=\"tx-title blta-section-title-1 blta-split-text split-in-left\">Constro Provides<\/h2>                    <\/div>\r\n\r\n                <div class=\"blta-price-2-grid mt-40\">\r\n                        <div class=\"blta-price-2-card\">\r\n                                <div class=\"card-img fix img-cover mb-30\">\r\n                    <img decoding=\"async\"\r\n                    src=\"https:\/\/millennialsconstrucciones.com\/wp-content\/uploads\/2024\/05\/price-2-1.webp\"\r\n                    alt=\"price-2-1\">\r\n                <\/div>\r\n                \r\n                                <h4 class=\"card-title blta-heading-1 font-700\">Basic Services<\/h4>\r\n                \r\n                <h3 class=\"card-price font-700\">\r\n                    &#036;20                                        <span class=\"font-500\">\r\n                        Per user \/ Month Billed Annually                    <\/span>\r\n                                    <\/h3>\r\n\r\n                                <p class=\"card-disc blta-para-1\">\r\n                    Manage your own project documents  and collaborate.                <\/p>\r\n                \r\n                                <a\r\n                class=\"blta-btn-2 has-color-2\"\r\n                href=\"https:\/\/millennialsconstrucciones.com\/es\/about\/\"\r\n                target=\"_self\"\r\n                rel=\"\"\r\n                aria-label=\"nombre\"\r\n                data-back=\"more about us\"\r\n                data-front=\"more about us\">\r\n                                        <span class=\"icon\">\r\n                        <i aria-hidden=\"true\" class=\"flaticon flaticon_2-right-arrow-2\"><\/i>                    <\/span>\r\n                                    <\/a>\r\n                            <\/div>\r\n                        <div class=\"blta-price-2-card\">\r\n                                <div class=\"card-img fix img-cover mb-30\">\r\n                    <img decoding=\"async\"\r\n                    src=\"https:\/\/millennialsconstrucciones.com\/wp-content\/uploads\/2024\/05\/price-2-2.webp\"\r\n                    alt=\"price-2-2\">\r\n                <\/div>\r\n                \r\n                                <h4 class=\"card-title blta-heading-1 font-700\">Fully Gray Home<\/h4>\r\n                \r\n                <h3 class=\"card-price font-700\">\r\n                    &#036;3k                                        <span class=\"font-500\">\r\n                        Per user \/ Month Billed Annually                    <\/span>\r\n                                    <\/h3>\r\n\r\n                                <p class=\"card-disc blta-para-1\">\r\n                    Manage your own project documents  and collaborate.                <\/p>\r\n                \r\n                                <a\r\n                class=\"blta-btn-2 has-color-2\"\r\n                href=\"https:\/\/millennialsconstrucciones.com\/es\/about\/\"\r\n                target=\"_self\"\r\n                rel=\"\"\r\n                aria-label=\"nombre\"\r\n                data-back=\"more about us\"\r\n                data-front=\"more about us\">\r\n                                        <span class=\"icon\">\r\n                        <i aria-hidden=\"true\" class=\"flaticon flaticon_2-right-arrow-2\"><\/i>                    <\/span>\r\n                                    <\/a>\r\n                            <\/div>\r\n                        <div class=\"blta-price-2-card\">\r\n                                <div class=\"card-img fix img-cover mb-30\">\r\n                    <img decoding=\"async\"\r\n                    src=\"https:\/\/millennialsconstrucciones.com\/wp-content\/uploads\/2024\/05\/price-2-3.webp\"\r\n                    alt=\"price-2-3\">\r\n                <\/div>\r\n                \r\n                                <h4 class=\"card-title blta-heading-1 font-700\">Building Design<\/h4>\r\n                \r\n                <h3 class=\"card-price font-700\">\r\n                    &#036;10k                                        <span class=\"font-500\">\r\n                        Per user \/ Month Billed Annually                    <\/span>\r\n                                    <\/h3>\r\n\r\n                                <p class=\"card-disc blta-para-1\">\r\n                    Manage your own project documents  and collaborate.                <\/p>\r\n                \r\n                                <a\r\n                class=\"blta-btn-2 has-color-2\"\r\n                href=\"https:\/\/millennialsconstrucciones.com\/es\/about\/\"\r\n                target=\"_self\"\r\n                rel=\"\"\r\n                aria-label=\"nombre\"\r\n                data-back=\"more about us\"\r\n                data-front=\"more about us\">\r\n                                        <span class=\"icon\">\r\n                        <i aria-hidden=\"true\" class=\"flaticon flaticon_2-right-arrow-2\"><\/i>                    <\/span>\r\n                                    <\/a>\r\n                            <\/div>\r\n                    <\/div>\r\n            <\/div>\r\n<\/div>\t\t\t\t<\/div>\n\t\t\t\t<\/div>\n\t\t\t\t\t<\/div>\n\t\t<\/div>\n\t\t\t\t\t<\/div>\n\t\t<\/section>\n\t\t\t\t<section class=\"elementor-section elementor-top-section elementor-element elementor-element-68b3778 elementor-section-content-middle elementor-section-boxed elementor-section-height-default elementor-section-height-default\" data-id=\"68b3778\" data-element_type=\"section\">\n\t\t\t\t\t\t<div class=\"elementor-container elementor-column-gap-default\">\n\t\t\t\t\t<div class=\"elementor-column elementor-col-50 elementor-top-column elementor-element elementor-element-6a8013b\" data-id=\"6a8013b\" data-element_type=\"column\">\n\t\t\t<div class=\"elementor-widget-wrap elementor-element-populated\">\n\t\t\t\t\t\t<div class=\"elementor-element elementor-element-ebcd6bd elementor-widget elementor-widget-tx_heading elh-el tx_heading\" data-id=\"ebcd6bd\" data-element_type=\"widget\" data-settings=\"{&quot;design_style&quot;:&quot;style_2&quot;}\" data-widget_type=\"tx_heading.default\">\n\t\t\t\t<div class=\"elementor-widget-container\">\n\t\t\t\t\t<div class=\"tx-section-wrapper tx-heading-section text-left\">\r\n\r\n        <h5 class=\"blta-subtitle-1 font-700 text-uppercase pr-font tx-subTitle\">\r\n                <span class=\"icon\">\r\n            <i aria-hidden=\"true\" class=\"fas fa-house-user\"><\/i>        <\/span>\r\n        \r\n        NUESTRO CLIENTE    <\/h5>\r\n    \r\n    <h2 class=\"tx-title blta-section-title-1  blta-split-text split-in-left\">Hemos 1500+\nGlobal <br>Premium\nLos clientes<\/h2>        <p class=\"blta-para-1 a1-disc tx-description\">\r\n        Un moderno, tecnolog\u00eda, bienestar centrado <br> \u00e1rea de trabajo y de la oficina sostenible de la torre,    <\/p>\r\n    \r\n<\/div>\t\t\t\t<\/div>\n\t\t\t\t<\/div>\n\t\t\t\t\t<\/div>\n\t\t<\/div>\n\t\t\t\t<div class=\"elementor-column elementor-col-50 elementor-top-column elementor-element elementor-element-ecbdd2d\" data-id=\"ecbdd2d\" data-element_type=\"column\">\n\t\t\t<div class=\"elementor-widget-wrap elementor-element-populated\">\n\t\t\t\t\t\t<div class=\"elementor-element elementor-element-61de06c elementor-widget elementor-widget-tx_brand elh-el tx_brand\" data-id=\"61de06c\" data-element_type=\"widget\" data-settings=\"{&quot;design_style&quot;:&quot;style_1&quot;}\" data-widget_type=\"tx_brand.default\">\n\t\t\t\t<div class=\"elementor-widget-container\">\n\t\t\t\t\t<div class=\"blta-client-1-logo-grid wow none\">\r\n        <a href=\"https:\/\/millennialsconstrucciones.com\/wp-content\/uploads\/2024\/05\/client-1.svg\" aria-label=\"nombre\" class=\"blta-client-1-logo\">\r\n        <img decoding=\"async\" src=\"https:\/\/millennialsconstrucciones.com\/wp-content\/uploads\/2024\/05\/client-1.svg\" alt=\"\">\r\n    <\/a>\r\n        <a href=\"https:\/\/millennialsconstrucciones.com\/wp-content\/uploads\/2024\/05\/client-2.svg\" aria-label=\"nombre\" class=\"blta-client-1-logo\">\r\n        <img decoding=\"async\" src=\"https:\/\/millennialsconstrucciones.com\/wp-content\/uploads\/2024\/05\/client-2.svg\" alt=\"\">\r\n    <\/a>\r\n        <a href=\"https:\/\/millennialsconstrucciones.com\/wp-content\/uploads\/2024\/05\/client-3.svg\" aria-label=\"nombre\" class=\"blta-client-1-logo\">\r\n        <img decoding=\"async\" src=\"https:\/\/millennialsconstrucciones.com\/wp-content\/uploads\/2024\/05\/client-3.svg\" alt=\"\">\r\n    <\/a>\r\n        <a href=\"https:\/\/millennialsconstrucciones.com\/wp-content\/uploads\/2024\/05\/client-4.svg\" aria-label=\"nombre\" class=\"blta-client-1-logo\">\r\n        <img decoding=\"async\" src=\"https:\/\/millennialsconstrucciones.com\/wp-content\/uploads\/2024\/05\/client-4.svg\" alt=\"\">\r\n    <\/a>\r\n        <a href=\"https:\/\/millennialsconstrucciones.com\/wp-content\/uploads\/2024\/05\/client-5.svg\" aria-label=\"nombre\" class=\"blta-client-1-logo\">\r\n        <img decoding=\"async\" src=\"https:\/\/millennialsconstrucciones.com\/wp-content\/uploads\/2024\/05\/client-5.svg\" alt=\"\">\r\n    <\/a>\r\n        <a href=\"https:\/\/millennialsconstrucciones.com\/wp-content\/uploads\/2024\/05\/client-6.svg\" aria-label=\"nombre\" class=\"blta-client-1-logo\">\r\n        <img decoding=\"async\" src=\"https:\/\/millennialsconstrucciones.com\/wp-content\/uploads\/2024\/05\/client-6.svg\" alt=\"\">\r\n    <\/a>\r\n    <\/div>\t\t\t\t<\/div>\n\t\t\t\t<\/div>\n\t\t\t\t\t<\/div>\n\t\t<\/div>\n\t\t\t\t\t<\/div>\n\t\t<\/section>\n\t\t\t\t<\/div>","protected":false},"excerpt":{"rendered":"<p>Construction Provided Quality Contractor Services We successfully cope with tasks of varying complexity, provide long-term guarantees and regularly master new technologies. Our portfolio includes Builter of successfully completed projects. Building Renovation General Contracting Building Construction WELCOME TO OUR COMPANY Constro Provides Basic Services $20 Per user \/ Month Billed Annually Manage your own project documents [&hellip;]<\/p>","protected":false},"author":1,"featured_media":0,"parent":0,"menu_order":0,"comment_status":"closed","ping_status":"closed","template":"elementor_header_footer","meta":{"inline_featured_image":false,"footnotes":""},"class_list":["post-40","page","type-page","status-publish","hentry"],"_links":{"self":[{"href":"https:\/\/millennialsconstrucciones.com\/es\/wp-json\/wp\/v2\/pages\/40","targetHints":{"allow":["GET"]}}],"collection":[{"href":"https:\/\/millennialsconstrucciones.com\/es\/wp-json\/wp\/v2\/pages"}],"about":[{"href":"https:\/\/millennialsconstrucciones.com\/es\/wp-json\/wp\/v2\/types\/page"}],"author":[{"embeddable":true,"href":"https:\/\/millennialsconstrucciones.com\/es\/wp-json\/wp\/v2\/users\/1"}],"replies":[{"embeddable":true,"href":"https:\/\/millennialsconstrucciones.com\/es\/wp-json\/wp\/v2\/comments?post=40"}],"version-history":[{"count":1,"href":"https:\/\/millennialsconstrucciones.com\/es\/wp-json\/wp\/v2\/pages\/40\/revisions"}],"predecessor-version":[{"id":3520,"href":"https:\/\/millennialsconstrucciones.com\/es\/wp-json\/wp\/v2\/pages\/40\/revisions\/3520"}],"wp:attachment":[{"href":"https:\/\/millennialsconstrucciones.com\/es\/wp-json\/wp\/v2\/media?parent=40"}],"curies":[{"name":"wp","href":"https:\/\/api.w.org\/{rel}","templated":true}]}}