{"id":63,"date":"2024-05-04T11:09:08","date_gmt":"2024-05-04T11:09:08","guid":{"rendered":"https:\/\/themexriver.com\/wp\/builta\/?page_id=63"},"modified":"2024-12-13T03:49:44","modified_gmt":"2024-12-13T03:49:44","slug":"contact-us","status":"publish","type":"page","link":"https:\/\/millennialsconstrucciones.com\/es\/contact-us\/","title":{"rendered":"P\u00f3ngase En Contacto Con Nosotros"},"content":{"rendered":"<div data-elementor-type=\"wp-page\" data-elementor-id=\"63\" class=\"elementor elementor-63\">\n\t\t\t\t\t\t<section class=\"elementor-section elementor-top-section elementor-element elementor-element-0966602 elementor-section-boxed elementor-section-height-default elementor-section-height-default\" data-id=\"0966602\" data-element_type=\"section\">\n\t\t\t\t\t\t<div class=\"elementor-container elementor-column-gap-default\">\n\t\t\t\t\t<div class=\"elementor-column elementor-col-50 elementor-top-column elementor-element elementor-element-468f5f3\" data-id=\"468f5f3\" data-element_type=\"column\">\n\t\t\t<div class=\"elementor-widget-wrap elementor-element-populated\">\n\t\t\t\t\t\t<div class=\"elementor-element elementor-element-37dfb27 elementor-widget elementor-widget-image\" data-id=\"37dfb27\" data-element_type=\"widget\" data-widget_type=\"image.default\">\n\t\t\t\t<div class=\"elementor-widget-container\">\n\t\t\t\t\t\t\t\t\t\t\t\t\t\t\t<img fetchpriority=\"high\" decoding=\"async\" width=\"640\" height=\"548\" src=\"https:\/\/millennialsconstrucciones.com\/wp-content\/uploads\/2024\/05\/c-p-img.webp\" class=\"attachment-large size-large wp-image-3126\" alt=\"\" srcset=\"https:\/\/millennialsconstrucciones.com\/wp-content\/uploads\/2024\/05\/c-p-img.webp 651w, https:\/\/millennialsconstrucciones.com\/wp-content\/uploads\/2024\/05\/c-p-img-600x513.webp 600w, https:\/\/millennialsconstrucciones.com\/wp-content\/uploads\/2024\/05\/c-p-img-300x257.webp 300w\" sizes=\"(max-width: 640px) 100vw, 640px\" \/>\t\t\t\t\t\t\t\t\t\t\t\t\t\t\t<\/div>\n\t\t\t\t<\/div>\n\t\t\t\t\t<\/div>\n\t\t<\/div>\n\t\t\t\t<div class=\"elementor-column elementor-col-50 elementor-top-column elementor-element elementor-element-064cb3a\" data-id=\"064cb3a\" data-element_type=\"column\">\n\t\t\t<div class=\"elementor-widget-wrap elementor-element-populated\">\n\t\t\t\t\t\t<div class=\"elementor-element elementor-element-cfbeffa elementor-widget elementor-widget-tx_heading elh-el tx_heading\" data-id=\"cfbeffa\" data-element_type=\"widget\" data-settings=\"{&quot;design_style&quot;:&quot;style_2&quot;}\" data-widget_type=\"tx_heading.default\">\n\t\t\t\t<div class=\"elementor-widget-container\">\n\t\t\t\t\t<div class=\"tx-section-wrapper tx-heading-section text-left\">\r\n\r\n        <h5 class=\"blta-subtitle-1 font-700 text-uppercase pr-font tx-subTitle\">\r\n                <span class=\"icon\">\r\n            <i aria-hidden=\"true\" class=\"fas fa-house-user\"><\/i>        <\/span>\r\n        \r\n        NUESTRO MEJOR PREGUNTA    <\/h5>\r\n    \r\n    <h2 class=\"tx-title blta-section-title-1  blta-split-text split-in-left\">P\u00f3ngase En Contacto Con Nosotros Para Su Cualquier Ayuda Y Necesidades<\/h2>        <p class=\"blta-para-1 a1-disc tx-description\">\r\n        Valoramos sus comentarios y consultas. Si usted tiene preguntas acerca de nuestros servicios, necesita ayuda o desea explorar posibles colaboraciones, estamos aqu\u00ed para ayudarle. Por favor, si\u00e9ntase libre de comunicarse con nosotros a trav\u00e9s del contacto    <\/p>\r\n    \r\n<\/div>\t\t\t\t<\/div>\n\t\t\t\t<\/div>\n\t\t\t\t<section class=\"elementor-section elementor-inner-section elementor-element elementor-element-19312e4 elementor-section-boxed elementor-section-height-default elementor-section-height-default\" data-id=\"19312e4\" data-element_type=\"section\">\n\t\t\t\t\t\t<div class=\"elementor-container elementor-column-gap-default\">\n\t\t\t\t\t<div class=\"elementor-column elementor-col-50 elementor-inner-column elementor-element elementor-element-e0d8837\" data-id=\"e0d8837\" data-element_type=\"column\">\n\t\t\t<div class=\"elementor-widget-wrap elementor-element-populated\">\n\t\t\t\t\t\t<div class=\"elementor-element elementor-element-72272d2 elementor-widget elementor-widget-tx_contact_info elh-el tx_contact_info\" data-id=\"72272d2\" data-element_type=\"widget\" data-settings=\"{&quot;design_style&quot;:&quot;style_1&quot;}\" data-widget_type=\"tx_contact_info.default\">\n\t\t\t\t<div class=\"elementor-widget-container\">\n\t\t\t\t\t<div class=\"blta-contact-item\">\r\n        <i aria-hidden=\"true\" class=\"fas fa-map-marker-alt\"><\/i>    \r\n        <h5 class=\"blta-heading-1 blta-contact-info-title\">\r\n        Ubicaci\u00f3n \/ Direcci\u00f3n    <\/h5>\r\n        <div class=\"blta-para-1 blta-contact-info-para\">\r\n        La Reina del Pie, del Obispo, Londres SE1 7PB, Reino Unido.    <\/div>\r\n<\/div>\t\t\t\t<\/div>\n\t\t\t\t<\/div>\n\t\t\t\t\t<\/div>\n\t\t<\/div>\n\t\t\t\t<div class=\"elementor-column elementor-col-50 elementor-inner-column elementor-element elementor-element-5665863\" data-id=\"5665863\" data-element_type=\"column\">\n\t\t\t<div class=\"elementor-widget-wrap elementor-element-populated\">\n\t\t\t\t\t\t<div class=\"elementor-element elementor-element-65429aa elementor-widget elementor-widget-tx_contact_info elh-el tx_contact_info\" data-id=\"65429aa\" data-element_type=\"widget\" data-settings=\"{&quot;design_style&quot;:&quot;style_1&quot;}\" data-widget_type=\"tx_contact_info.default\">\n\t\t\t\t<div class=\"elementor-widget-container\">\n\t\t\t\t\t<div class=\"blta-contact-item\">\r\n        <i aria-hidden=\"true\" class=\"fas fa-phone-volume\"><\/i>    \r\n        <h5 class=\"blta-heading-1 blta-contact-info-title\">\r\n        N\u00famero De Tel\u00e9fono    <\/h5>\r\n        <div class=\"blta-para-1 blta-contact-info-para\">\r\n        <p><a href=\"tel:+12 48875 6365 699\">+12 48875 6365 699<\/a><a href=\"tel:+24 58796 5456 0076\">+24 58796 5456 0076<\/a><\/p>    <\/div>\r\n<\/div>\t\t\t\t<\/div>\n\t\t\t\t<\/div>\n\t\t\t\t\t<\/div>\n\t\t<\/div>\n\t\t\t\t\t<\/div>\n\t\t<\/section>\n\t\t\t\t\t<\/div>\n\t\t<\/div>\n\t\t\t\t\t<\/div>\n\t\t<\/section>\n\t\t\t\t<section class=\"elementor-section elementor-top-section elementor-element elementor-element-2b1ff46 elementor-section-boxed elementor-section-height-default elementor-section-height-default\" data-id=\"2b1ff46\" data-element_type=\"section\">\n\t\t\t\t\t\t<div class=\"elementor-container elementor-column-gap-default\">\n\t\t\t\t\t<div class=\"elementor-column elementor-col-100 elementor-top-column elementor-element elementor-element-bc0d977\" data-id=\"bc0d977\" data-element_type=\"column\">\n\t\t\t<div class=\"elementor-widget-wrap elementor-element-populated\">\n\t\t\t\t\t\t<section class=\"elementor-section elementor-inner-section elementor-element elementor-element-19de87e elementor-section-full_width elementor-section-height-default elementor-section-height-default\" data-id=\"19de87e\" data-element_type=\"section\" data-settings=\"{&quot;background_background&quot;:&quot;classic&quot;}\">\n\t\t\t\t\t\t<div class=\"elementor-container elementor-column-gap-default\">\n\t\t\t\t\t<div class=\"elementor-column elementor-col-100 elementor-inner-column elementor-element elementor-element-3945afa\" data-id=\"3945afa\" data-element_type=\"column\">\n\t\t\t<div class=\"elementor-widget-wrap elementor-element-populated\">\n\t\t\t\t\t\t<div class=\"elementor-element elementor-element-e5a61a3 elementor-widget elementor-widget-heading\" data-id=\"e5a61a3\" data-element_type=\"widget\" data-widget_type=\"heading.default\">\n\t\t\t\t<div class=\"elementor-widget-container\">\n\t\t\t\t\t<h2 class=\"elementor-heading-title elementor-size-default\">Ponerse En Contacto<\/h2>\t\t\t\t<\/div>\n\t\t\t\t<\/div>\n\t\t\t\t<div class=\"elementor-element elementor-element-1f06c45 elementor-widget elementor-widget-shortcode\" data-id=\"1f06c45\" data-element_type=\"widget\" data-widget_type=\"shortcode.default\">\n\t\t\t\t<div class=\"elementor-widget-container\">\n\t\t\t\t\t\t\t<div class=\"elementor-shortcode\">\n<div class=\"wpcf7 no-js\" id=\"wpcf7-f3144-o1\" lang=\"en-US\" dir=\"ltr\" data-wpcf7-id=\"3144\">\n<div class=\"screen-reader-response\"><p role=\"status\" aria-live=\"polite\" aria-atomic=\"true\"><\/p> <ul><\/ul><\/div>\n<form action=\"\/es\/wp-json\/wp\/v2\/pages\/63#wpcf7-f3144-o1\" method=\"post\" class=\"wpcf7-form init\" aria-label=\"Contact form\" novalidate=\"novalidate\" data-status=\"init\" data-trp-original-action=\"\/es\/wp-json\/wp\/v2\/pages\/63#wpcf7-f3144-o1\">\n<div style=\"display: none;\">\n<input type=\"hidden\" name=\"_wpcf7\" value=\"3144\" \/>\n<input type=\"hidden\" name=\"_wpcf7_version\" value=\"6.0.6\" \/>\n<input type=\"hidden\" name=\"_wpcf7_locale\" value=\"en_US\" \/>\n<input type=\"hidden\" name=\"_wpcf7_unit_tag\" value=\"wpcf7-f3144-o1\" \/>\n<input type=\"hidden\" name=\"_wpcf7_container_post\" value=\"0\" \/>\n<input type=\"hidden\" name=\"_wpcf7_posted_data_hash\" value=\"\" \/>\n<\/div>\n<div class=\"blta-contact-form-input-wrap\">\n    <div class=\"row\">\n        <div class=\"col-xl-6\">\n            <span class=\"wpcf7-form-control-wrap\" data-name=\"text-767\"><input size=\"40\" maxlength=\"400\" class=\"wpcf7-form-control wpcf7-text wpcf7-validates-as-required blta-contact-form-input\" aria-required=\"true\" aria-invalid=\"false\" placeholder=\"R\u00e1pido nombre\" value=\"\" type=\"text\" name=\"text-767\" \/><\/span>\n        <\/div>\n        <div class=\"col-xl-6\">\n            <span class=\"wpcf7-form-control-wrap\" data-name=\"text-768\"><input size=\"40\" maxlength=\"400\" class=\"wpcf7-form-control wpcf7-text wpcf7-validates-as-required blta-contact-form-input\" aria-required=\"true\" aria-invalid=\"false\" placeholder=\"Apellido\" value=\"\" type=\"text\" name=\"text-768\" \/><\/span>\n        <\/div>\n        <div class=\"col-xl-6\">\n            <span class=\"wpcf7-form-control-wrap\" data-name=\"email-768\"><input size=\"40\" maxlength=\"400\" class=\"wpcf7-form-control wpcf7-email wpcf7-validates-as-required wpcf7-text wpcf7-validates-as-email blta-contact-form-input\" aria-required=\"true\" aria-invalid=\"false\" placeholder=\"Direcci\u00f3n de correo electr\u00f3nico\" value=\"\" type=\"email\" name=\"email-768\" \/><\/span>\n        <\/div>\n        <div class=\"col-xl-6\">\n            <span class=\"wpcf7-form-control-wrap\" data-name=\"tel-768\"><input size=\"40\" maxlength=\"400\" class=\"wpcf7-form-control wpcf7-tel wpcf7-validates-as-required wpcf7-text wpcf7-validates-as-tel blta-contact-form-input\" aria-required=\"true\" aria-invalid=\"false\" placeholder=\"N\u00famero De Tel\u00e9fono\" value=\"\" type=\"tel\" name=\"tel-768\" \/><\/span>\n        <\/div>\n        <div class=\"col-xl-12\">\n            <span class=\"wpcf7-form-control-wrap\" data-name=\"textarea-830\"><textarea cols=\"40\" rows=\"10\" maxlength=\"2000\" class=\"wpcf7-form-control wpcf7-textarea wpcf7-validates-as-required blta-contact-form-textarea\" aria-required=\"true\" aria-invalid=\"false\" placeholder=\"Escriba su mensaje\" name=\"textarea-830\"><\/textarea><\/span>\n        <\/div>\n        <div class=\"col-xl-12\">\n            <div class=\"blta-contact-form-btn-wrap\">\n                <button class=\"blta-btn-2 blta-contact-form-btn\" type=\"submit\" aria-label=\"nombre\" data-back=\"Send Message\" data-front=\"Send Message\">\n                    <span class=\"icon\">\n                        <i class=\"fa-solid fa-right-long\"><\/i>\n                    <\/span>\n                <\/button>\n            <\/div>\n        <\/div>\n    <\/div>\n<\/div><div class=\"wpcf7-response-output\" aria-hidden=\"true\"><\/div>\n<input type=\"hidden\" name=\"trp-form-language\" value=\"es\"\/><\/form>\n<\/div>\n<\/div>\n\t\t\t\t\t\t<\/div>\n\t\t\t\t<\/div>\n\t\t\t\t\t<\/div>\n\t\t<\/div>\n\t\t\t\t\t<\/div>\n\t\t<\/section>\n\t\t\t\t\t<\/div>\n\t\t<\/div>\n\t\t\t\t\t<\/div>\n\t\t<\/section>\n\t\t\t\t<section class=\"elementor-section elementor-top-section elementor-element elementor-element-d5c6eec elementor-section-full_width elementor-section-height-default elementor-section-height-default\" data-id=\"d5c6eec\" data-element_type=\"section\">\n\t\t\t\t\t\t<div class=\"elementor-container elementor-column-gap-default\">\n\t\t\t\t\t<div class=\"elementor-column elementor-col-100 elementor-top-column elementor-element elementor-element-63454ce\" data-id=\"63454ce\" data-element_type=\"column\">\n\t\t\t<div class=\"elementor-widget-wrap elementor-element-populated\">\n\t\t\t\t\t\t<div class=\"elementor-element elementor-element-4b26c8e elementor-widget elementor-widget-google_maps\" data-id=\"4b26c8e\" data-element_type=\"widget\" data-widget_type=\"google_maps.default\">\n\t\t\t\t<div class=\"elementor-widget-container\">\n\t\t\t\t\t\t\t<div class=\"elementor-custom-embed\">\n\t\t\t<iframe loading=\"lazy\"\n\t\t\t\t\tsrc=\"https:\/\/maps.google.com\/maps?q=London%20Eye%2C%20London%2C%20United%20Kingdom&#038;t=m&#038;z=12&#038;output=embed&#038;iwloc=near\"\n\t\t\t\t\ttitle=\"El Ojo De Londres, Londres, Reino Unido\"\n\t\t\t\t\taria-label=\"El Ojo De Londres, Londres, Reino Unido\"\n\t\t\t><\/iframe>\n\t\t<\/div>\n\t\t\t\t\t\t<\/div>\n\t\t\t\t<\/div>\n\t\t\t\t\t<\/div>\n\t\t<\/div>\n\t\t\t\t\t<\/div>\n\t\t<\/section>\n\t\t\t\t<\/div>","protected":false},"excerpt":{"rendered":"<p>OUR BEST QUESTION Contact Us For Your Any Help &amp; Needs We value your feedback and inquiries. Whether you have question about our services, need assistance, or want to explore potential collaborations, we&#8217;re here to assist you. Please feel free to reach out to us via the contact Location \/ Address The Queen\u2019s Walk, Bishop\u2019s, [&hellip;]<\/p>","protected":false},"author":1,"featured_media":0,"parent":0,"menu_order":0,"comment_status":"closed","ping_status":"closed","template":"elementor_header_footer","meta":{"inline_featured_image":false,"footnotes":""},"class_list":["post-63","page","type-page","status-publish","hentry"],"_links":{"self":[{"href":"https:\/\/millennialsconstrucciones.com\/es\/wp-json\/wp\/v2\/pages\/63","targetHints":{"allow":["GET"]}}],"collection":[{"href":"https:\/\/millennialsconstrucciones.com\/es\/wp-json\/wp\/v2\/pages"}],"about":[{"href":"https:\/\/millennialsconstrucciones.com\/es\/wp-json\/wp\/v2\/types\/page"}],"author":[{"embeddable":true,"href":"https:\/\/millennialsconstrucciones.com\/es\/wp-json\/wp\/v2\/users\/1"}],"replies":[{"embeddable":true,"href":"https:\/\/millennialsconstrucciones.com\/es\/wp-json\/wp\/v2\/comments?post=63"}],"version-history":[{"count":1,"href":"https:\/\/millennialsconstrucciones.com\/es\/wp-json\/wp\/v2\/pages\/63\/revisions"}],"predecessor-version":[{"id":3530,"href":"https:\/\/millennialsconstrucciones.com\/es\/wp-json\/wp\/v2\/pages\/63\/revisions\/3530"}],"wp:attachment":[{"href":"https:\/\/millennialsconstrucciones.com\/es\/wp-json\/wp\/v2\/media?parent=63"}],"curies":[{"name":"wp","href":"https:\/\/api.w.org\/{rel}","templated":true}]}}